{"id":7946,"date":"2023-07-13T14:30:17","date_gmt":"2023-07-13T14:30:17","guid":{"rendered":"https:\/\/storage-isolcell.com\/installations-experimentales\/"},"modified":"2023-08-01T11:29:55","modified_gmt":"2023-08-01T11:29:55","slug":"installations-experimentales","status":"publish","type":"page","link":"https:\/\/www.storage-isolcell.com\/fr\/installations-experimentales\/","title":{"rendered":"Installations exp\u00e9rimentales"},"content":{"rendered":"\t\t<div data-elementor-type=\"wp-page\" data-elementor-id=\"7946\" class=\"elementor elementor-7946 elementor-5969\" data-elementor-post-type=\"page\">\n\t\t\t\t\t\t<section class=\"elementor-section elementor-top-section elementor-element elementor-element-17d044b elementor-section-height-min-height elementor-section-items-stretch elementor-section-full_width elementor-section-height-default\" data-id=\"17d044b\" data-element_type=\"section\" data-e-type=\"section\" data-settings=\"{&quot;background_background&quot;:&quot;classic&quot;}\">\n\t\t\t\t\t\t<div class=\"elementor-container elementor-column-gap-no\">\n\t\t\t\t\t<div class=\"elementor-column elementor-col-33 elementor-top-column elementor-element elementor-element-ea622ce\" data-id=\"ea622ce\" data-element_type=\"column\" data-e-type=\"column\" data-settings=\"{&quot;background_background&quot;:&quot;classic&quot;}\">\n\t\t\t<div class=\"elementor-widget-wrap elementor-element-populated\">\n\t\t\t\t\t\t<div class=\"elementor-element elementor-element-62be2ba elementor-align-start elementor-widget__width-auto elementor-absolute elementor-hidden-phone elementor-icon-list--layout-traditional elementor-list-item-link-full_width elementor-widget elementor-widget-icon-list\" data-id=\"62be2ba\" data-element_type=\"widget\" data-e-type=\"widget\" data-settings=\"{&quot;_position&quot;:&quot;absolute&quot;}\" data-widget_type=\"icon-list.default\">\n\t\t\t\t<div class=\"elementor-widget-container\">\n\t\t\t\t\t\t\t<ul class=\"elementor-icon-list-items\">\n\t\t\t\t\t\t\t<li class=\"elementor-icon-list-item\">\n\t\t\t\t\t\t\t\t\t\t\t<a href=\"https:\/\/it.linkedin.com\/company\/isolcell-storage-division\" target=\"_blank\">\n\n\t\t\t\t\t\t\t\t\t\t\t\t<span class=\"elementor-icon-list-icon\">\n\t\t\t\t\t\t\t<i aria-hidden=\"true\" class=\"fab fa-linkedin-in\"><\/i>\t\t\t\t\t\t<\/span>\n\t\t\t\t\t\t\t\t\t\t<span class=\"elementor-icon-list-text\"><\/span>\n\t\t\t\t\t\t\t\t\t\t\t<\/a>\n\t\t\t\t\t\t\t\t\t<\/li>\n\t\t\t\t\t\t\t\t<li class=\"elementor-icon-list-item\">\n\t\t\t\t\t\t\t\t\t\t\t<a href=\"https:\/\/twitter.com\/Isolcell\" target=\"_blank\">\n\n\t\t\t\t\t\t\t\t\t\t\t\t<span class=\"elementor-icon-list-icon\">\n\t\t\t\t\t\t\t<i aria-hidden=\"true\" class=\"fab fa-twitter\"><\/i>\t\t\t\t\t\t<\/span>\n\t\t\t\t\t\t\t\t\t\t<span class=\"elementor-icon-list-text\"><\/span>\n\t\t\t\t\t\t\t\t\t\t\t<\/a>\n\t\t\t\t\t\t\t\t\t<\/li>\n\t\t\t\t\t\t\t\t<li class=\"elementor-icon-list-item\">\n\t\t\t\t\t\t\t\t\t\t\t<a href=\"https:\/\/www.youtube.com\/user\/isolcell\" target=\"_blank\">\n\n\t\t\t\t\t\t\t\t\t\t\t\t<span class=\"elementor-icon-list-icon\">\n\t\t\t\t\t\t\t<i aria-hidden=\"true\" class=\"fab fa-youtube\"><\/i>\t\t\t\t\t\t<\/span>\n\t\t\t\t\t\t\t\t\t\t<span class=\"elementor-icon-list-text\"><\/span>\n\t\t\t\t\t\t\t\t\t\t\t<\/a>\n\t\t\t\t\t\t\t\t\t<\/li>\n\t\t\t\t\t\t<\/ul>\n\t\t\t\t\t\t<\/div>\n\t\t\t\t<\/div>\n\t\t\t\t\t<\/div>\n\t\t<\/div>\n\t\t\t\t<div class=\"elementor-column elementor-col-33 elementor-top-column elementor-element elementor-element-05e8eff\" data-id=\"05e8eff\" data-element_type=\"column\" data-e-type=\"column\" data-settings=\"{&quot;background_background&quot;:&quot;classic&quot;}\">\n\t\t\t<div class=\"elementor-widget-wrap elementor-element-populated\">\n\t\t\t\t\t\t<div class=\"elementor-element elementor-element-c2e40c1 elementor-widget elementor-widget-breadcrumbs\" data-id=\"c2e40c1\" data-element_type=\"widget\" data-e-type=\"widget\" data-widget_type=\"breadcrumbs.default\">\n\t\t\t\t<div class=\"elementor-widget-container\">\n\t\t\t\t\t<p id=\"breadcrumbs\"><span><span><a href=\"https:\/\/www.storage-isolcell.com\/fr\/\">Home<\/a><\/span><\/span><\/p>\t\t\t\t<\/div>\n\t\t\t\t<\/div>\n\t\t\t\t<div class=\"elementor-element elementor-element-b9da166 elementor-widget elementor-widget-theme-post-title elementor-page-title elementor-widget-heading\" data-id=\"b9da166\" data-element_type=\"widget\" data-e-type=\"widget\" data-widget_type=\"theme-post-title.default\">\n\t\t\t\t<div class=\"elementor-widget-container\">\n\t\t\t\t\t<h1 class=\"elementor-heading-title elementor-size-default\">Installations exp\u00e9rimentales<\/h1>\t\t\t\t<\/div>\n\t\t\t\t<\/div>\n\t\t\t\t<div class=\"elementor-element elementor-element-02a4b9f elementor-widget elementor-widget-text-editor\" data-id=\"02a4b9f\" data-element_type=\"widget\" data-e-type=\"widget\" data-widget_type=\"text-editor.default\">\n\t\t\t\t<div class=\"elementor-widget-container\">\n\t\t\t\t\t\t\t\t\t<p>Installations personnalis\u00e9es<\/p>\n\t\t\t\t\t\t\t\t<\/div>\n\t\t\t\t<\/div>\n\t\t\t\t<div class=\"elementor-element elementor-element-df50c46 elementor-tablet-align-left elementor-align-left elementor-mobile-align-justify elementor-widget elementor-widget-button\" data-id=\"df50c46\" data-element_type=\"widget\" data-e-type=\"widget\" data-widget_type=\"button.default\">\n\t\t\t\t<div class=\"elementor-widget-container\">\n\t\t\t\t\t\t\t\t\t<div class=\"elementor-button-wrapper\">\n\t\t\t\t\t<a class=\"elementor-button elementor-button-link elementor-size-md\" href=\"https:\/\/www.storage-isolcell.com\/fr\/contacts\/\">\n\t\t\t\t\t\t<span class=\"elementor-button-content-wrapper\">\n\t\t\t\t\t\t<span class=\"elementor-button-icon\">\n\t\t\t\t<i aria-hidden=\"true\" class=\"fas fa-caret-right\"><\/i>\t\t\t<\/span>\n\t\t\t\t\t\t\t\t\t<span class=\"elementor-button-text\">Demande d'information<\/span>\n\t\t\t\t\t<\/span>\n\t\t\t\t\t<\/a>\n\t\t\t\t<\/div>\n\t\t\t\t\t\t\t\t<\/div>\n\t\t\t\t<\/div>\n\t\t\t\t\t<\/div>\n\t\t<\/div>\n\t\t\t\t<div class=\"elementor-column elementor-col-33 elementor-top-column elementor-element elementor-element-dd1db44 elementor-hidden-tablet elementor-hidden-mobile\" data-id=\"dd1db44\" data-element_type=\"column\" data-e-type=\"column\" data-settings=\"{&quot;background_background&quot;:&quot;classic&quot;,&quot;background_motion_fx_motion_fx_scrolling&quot;:&quot;yes&quot;,&quot;background_motion_fx_translateY_effect&quot;:&quot;yes&quot;,&quot;background_motion_fx_translateY_direction&quot;:&quot;negative&quot;,&quot;background_motion_fx_translateY_speed&quot;:{&quot;unit&quot;:&quot;px&quot;,&quot;size&quot;:&quot;3&quot;,&quot;sizes&quot;:[]},&quot;background_motion_fx_translateY_affectedRange&quot;:{&quot;unit&quot;:&quot;%&quot;,&quot;size&quot;:&quot;&quot;,&quot;sizes&quot;:{&quot;start&quot;:0,&quot;end&quot;:100}},&quot;background_motion_fx_devices&quot;:[&quot;desktop&quot;,&quot;tablet&quot;,&quot;mobile&quot;]}\">\n\t\t\t<div class=\"elementor-widget-wrap elementor-element-populated\">\n\t\t\t\t\t<div class=\"elementor-background-overlay\"><\/div>\n\t\t\t\t\t\t<div class=\"elementor-element elementor-element-97f9324 elementor-widget elementor-widget-spacer\" data-id=\"97f9324\" data-element_type=\"widget\" data-e-type=\"widget\" data-widget_type=\"spacer.default\">\n\t\t\t\t<div class=\"elementor-widget-container\">\n\t\t\t\t\t\t\t<div class=\"elementor-spacer\">\n\t\t\t<div class=\"elementor-spacer-inner\"><\/div>\n\t\t<\/div>\n\t\t\t\t\t\t<\/div>\n\t\t\t\t<\/div>\n\t\t\t\t\t<\/div>\n\t\t<\/div>\n\t\t\t\t\t<\/div>\n\t\t<\/section>\n\t\t\t\t<section class=\"elementor-section elementor-top-section elementor-element elementor-element-904d58b elementor-section-content-top elementor-section-boxed elementor-section-height-default elementor-section-height-default\" data-id=\"904d58b\" data-element_type=\"section\" data-e-type=\"section\">\n\t\t\t\t\t\t<div class=\"elementor-container elementor-column-gap-default\">\n\t\t\t\t\t<div class=\"elementor-column elementor-col-50 elementor-top-column elementor-element elementor-element-457e28b\" data-id=\"457e28b\" data-element_type=\"column\" data-e-type=\"column\">\n\t\t\t<div class=\"elementor-widget-wrap elementor-element-populated\">\n\t\t\t\t\t\t<div class=\"elementor-element elementor-element-82ec8d1 elementor-widget elementor-widget-image\" data-id=\"82ec8d1\" data-element_type=\"widget\" data-e-type=\"widget\" data-widget_type=\"image.default\">\n\t\t\t\t<div class=\"elementor-widget-container\">\n\t\t\t\t\t\t\t\t\t\t\t\t\t\t\t<img fetchpriority=\"high\" decoding=\"async\" width=\"800\" height=\"600\" src=\"https:\/\/www.storage-isolcell.com\/wp-content\/uploads\/2023\/07\/IMPIANTI_SPERIMENTALI_1-1024x768.jpg\" class=\"attachment-large size-large wp-image-7863\" alt=\"\" srcset=\"https:\/\/www.storage-isolcell.com\/wp-content\/uploads\/2023\/07\/IMPIANTI_SPERIMENTALI_1-1024x768.jpg 1024w, https:\/\/www.storage-isolcell.com\/wp-content\/uploads\/2023\/07\/IMPIANTI_SPERIMENTALI_1-300x225.jpg 300w, https:\/\/www.storage-isolcell.com\/wp-content\/uploads\/2023\/07\/IMPIANTI_SPERIMENTALI_1-768x576.jpg 768w, https:\/\/www.storage-isolcell.com\/wp-content\/uploads\/2023\/07\/IMPIANTI_SPERIMENTALI_1.jpg 1440w\" sizes=\"(max-width: 800px) 100vw, 800px\" \/>\t\t\t\t\t\t\t\t\t\t\t\t\t\t\t<\/div>\n\t\t\t\t<\/div>\n\t\t\t\t\t<\/div>\n\t\t<\/div>\n\t\t\t\t<div class=\"elementor-column elementor-col-50 elementor-top-column elementor-element elementor-element-96364c7\" data-id=\"96364c7\" data-element_type=\"column\" data-e-type=\"column\">\n\t\t\t<div class=\"elementor-widget-wrap elementor-element-populated\">\n\t\t\t\t\t\t<div class=\"elementor-element elementor-element-99bc534 elementor-widget-divider--separator-type-pattern elementor-widget-divider--view-line elementor-widget elementor-widget-divider\" data-id=\"99bc534\" data-element_type=\"widget\" data-e-type=\"widget\" data-widget_type=\"divider.default\">\n\t\t\t\t<div class=\"elementor-widget-container\">\n\t\t\t\t\t\t\t<div class=\"elementor-divider\" style=\"--divider-pattern-url: url(&quot;data:image\/svg+xml,%3Csvg xmlns=&#039;http:\/\/www.w3.org\/2000\/svg&#039; preserveAspectRatio=&#039;none&#039; overflow=&#039;visible&#039; height=&#039;100%&#039; viewBox=&#039;0 0 20 16&#039; fill=&#039;none&#039; stroke=&#039;black&#039; stroke-width=&#039;2.2&#039; stroke-linecap=&#039;square&#039; stroke-miterlimit=&#039;10&#039;%3E%3Cg transform=&#039;translate(-12.000000, 0)&#039;%3E%3Cpath d=&#039;M28,0L10,18&#039;\/%3E%3Cpath d=&#039;M18,0L0,18&#039;\/%3E%3Cpath d=&#039;M48,0L30,18&#039;\/%3E%3Cpath d=&#039;M38,0L20,18&#039;\/%3E%3C\/g%3E%3C\/svg%3E&quot;);\">\n\t\t\t<span class=\"elementor-divider-separator\">\n\t\t\t\t\t\t<\/span>\n\t\t<\/div>\n\t\t\t\t\t\t<\/div>\n\t\t\t\t<\/div>\n\t\t\t\t<div class=\"elementor-element elementor-element-4ff2028 elementor-widget elementor-widget-heading\" data-id=\"4ff2028\" data-element_type=\"widget\" data-e-type=\"widget\" data-widget_type=\"heading.default\">\n\t\t\t\t<div class=\"elementor-widget-container\">\n\t\t\t\t\t<h2 class=\"elementor-heading-title elementor-size-default\">Installations personnalis\u00e9es<\/h2>\t\t\t\t<\/div>\n\t\t\t\t<\/div>\n\t\t\t\t<div class=\"elementor-element elementor-element-9d1f954 elementor-widget elementor-widget-text-editor\" data-id=\"9d1f954\" data-element_type=\"widget\" data-e-type=\"widget\" data-widget_type=\"text-editor.default\">\n\t\t\t\t<div class=\"elementor-widget-container\">\n\t\t\t\t\t\t\t\t\t<p>En plus de 50 ans d\u2019activit\u00e9, Isolcell a con\u00e7u et produit de nombreuses installations exp\u00e9rimentales pour les instituts de recherche dans le monde entier. Nous avons adapt\u00e9 compl\u00e8tement les syst\u00e8mes aux besoins sp\u00e9cifiques en travaillant directement avec les utilisateurs. Nous fabriquons toutes les tailles de conteneurs en plastique et en acier inoxydable, de tentes herm\u00e9tiques et de cellules exp\u00e9rimentales avec les accessoires n\u00e9cessaires au fonctionnement en atmosph\u00e8re contr\u00f4l\u00e9e, en mettant en \u0153uvre les techniques de stockage les plus modernes. <strong>En outre, Isolcell commercialise exclusivement le syst<\/strong><strong>\u00e8<\/strong><strong>me de stockage innovant DCA-CF sur le plan international<\/strong>(atmosph\u00e8re contr\u00f4l\u00e9 dynamiquement en utilisant les capteurs de fluorescence HarvestWatch(r)), qui est \u00e9galement destin\u00e9 aux instituts de recherche. Gr\u00e2ce \u00e0 ce syst\u00e8me, les instituts de recherche peuvent r\u00e9duire de fa\u00e7on drastique le temps n\u00e9cessaire \u00e0 l\u2019identification des valeurs optimales en oxyg\u00e8ne, \u00e0 la conservation des diff\u00e9rents produits. Ils peuvent r\u00e9aliser des atmosph\u00e8res extr\u00eames pour maximiser la qualit\u00e9 et la dur\u00e9e de stockage et contr\u00f4ler certaines maladies sans l\u2019usage de produits chimiques. <strong>Nous fournissons <\/strong><strong>\u00e9<\/strong><strong>galement des <\/strong><strong>\u00e9<\/strong><strong>purateurs de CO<\/strong><strong>2<\/strong><strong>\u00e0<\/strong><strong> base de charbon actif ou d<\/strong><strong>\u2019<\/strong><strong>absorption chimique, des convertisseurs et des <\/strong><strong>\u00e9<\/strong><strong>purateurs d<\/strong><strong>\u2019\u00e9<\/strong><strong>thyl<\/strong><strong>\u00e8<\/strong><strong>ne, des g<\/strong><strong>\u00e9<\/strong><strong>n<\/strong><strong>\u00e9<\/strong><strong>rateurs d<\/strong><strong>\u2019<\/strong><strong>azote, O<\/strong><strong>2<\/strong><strong>, CO<\/strong><strong>2<\/strong><strong> et des analyseurs d<\/strong><strong>\u2019\u00e9<\/strong><strong>thyl<\/strong><strong>\u00e8<\/strong><strong>ne <\/strong>con\u00e7us et fabriqu\u00e9s pour fonctionner sur de petits conteneurs et g\u00e9r\u00e9s par un programme informatique sp\u00e9cifiquement d\u00e9velopp\u00e9 pour la recherche. Afin de fournir un produit global, Isolcell Italia produit des syst\u00e8mes de r\u00e9frig\u00e9ration indirecte pour g\u00e9rer de mani\u00e8re flexible la r\u00e9frig\u00e9ration dans les diff\u00e9rentes cellules.<\/p>\n\t\t\t\t\t\t\t\t<\/div>\n\t\t\t\t<\/div>\n\t\t\t\t\t<\/div>\n\t\t<\/div>\n\t\t\t\t\t<\/div>\n\t\t<\/section>\n\t\t\t\t<\/div>\n\t\t","protected":false},"excerpt":{"rendered":"<p>Installations personnalis\u00e9es Demande d&rsquo;information Installations personnalis\u00e9es En plus de 50 ans d\u2019activit\u00e9, Isolcell a con\u00e7u et produit de nombreuses installations exp\u00e9rimentales pour les instituts de recherche dans le monde entier. Nous avons adapt\u00e9 compl\u00e8tement les syst\u00e8mes aux besoins sp\u00e9cifiques en travaillant directement avec les utilisateurs. Nous fabriquons toutes les tailles de conteneurs en plastique et [&hellip;]<\/p>\n","protected":false},"author":1,"featured_media":0,"parent":0,"menu_order":0,"comment_status":"closed","ping_status":"closed","template":"elementor_header_footer","meta":{"footnotes":""},"class_list":["post-7946","page","type-page","status-publish","hentry"],"yoast_head":"<!-- This site is optimized with the Yoast SEO plugin v27.6 - https:\/\/yoast.com\/product\/yoast-seo-wordpress\/ -->\n<title>Installations exp\u00e9rimentales - Isolcell Storage Division<\/title>\n<meta name=\"robots\" content=\"index, follow, max-snippet:-1, max-image-preview:large, max-video-preview:-1\" \/>\n<link rel=\"canonical\" href=\"https:\/\/www.storage-isolcell.com\/fr\/installations-experimentales\/\" \/>\n<meta property=\"og:locale\" content=\"fr_FR\" \/>\n<meta property=\"og:type\" content=\"article\" \/>\n<meta property=\"og:title\" content=\"Installations exp\u00e9rimentales - Isolcell Storage Division\" \/>\n<meta property=\"og:description\" content=\"Installations personnalis\u00e9es Demande d&rsquo;information Installations personnalis\u00e9es En plus de 50 ans d\u2019activit\u00e9, Isolcell a con\u00e7u et produit de nombreuses installations exp\u00e9rimentales pour les instituts de recherche dans le monde entier. Nous avons adapt\u00e9 compl\u00e8tement les syst\u00e8mes aux besoins sp\u00e9cifiques en travaillant directement avec les utilisateurs. Nous fabriquons toutes les tailles de conteneurs en plastique et [&hellip;]\" \/>\n<meta property=\"og:url\" content=\"https:\/\/www.storage-isolcell.com\/fr\/installations-experimentales\/\" \/>\n<meta property=\"og:site_name\" content=\"Isolcell Storage Division\" \/>\n<meta property=\"article:modified_time\" content=\"2023-08-01T11:29:55+00:00\" \/>\n<meta property=\"og:image\" content=\"https:\/\/storage-isolcell.com\/wp-content\/uploads\/2023\/07\/IMPIANTI_SPERIMENTALI_1-1024x768.jpg\" \/>\n<meta name=\"twitter:card\" content=\"summary_large_image\" \/>\n<meta name=\"twitter:label1\" content=\"Dur\u00e9e de lecture estim\u00e9e\" \/>\n\t<meta name=\"twitter:data1\" content=\"1 minute\" \/>\n<script type=\"application\/ld+json\" class=\"yoast-schema-graph\">{\"@context\":\"https:\\\/\\\/schema.org\",\"@graph\":[{\"@type\":\"WebPage\",\"@id\":\"https:\\\/\\\/www.storage-isolcell.com\\\/fr\\\/installations-experimentales\\\/\",\"url\":\"https:\\\/\\\/www.storage-isolcell.com\\\/fr\\\/installations-experimentales\\\/\",\"name\":\"Installations exp\u00e9rimentales - Isolcell Storage Division\",\"isPartOf\":{\"@id\":\"https:\\\/\\\/www.storage-isolcell.com\\\/fr\\\/#website\"},\"primaryImageOfPage\":{\"@id\":\"https:\\\/\\\/www.storage-isolcell.com\\\/fr\\\/installations-experimentales\\\/#primaryimage\"},\"image\":{\"@id\":\"https:\\\/\\\/www.storage-isolcell.com\\\/fr\\\/installations-experimentales\\\/#primaryimage\"},\"thumbnailUrl\":\"https:\\\/\\\/storage-isolcell.com\\\/wp-content\\\/uploads\\\/2023\\\/07\\\/IMPIANTI_SPERIMENTALI_1-1024x768.jpg\",\"datePublished\":\"2023-07-13T14:30:17+00:00\",\"dateModified\":\"2023-08-01T11:29:55+00:00\",\"breadcrumb\":{\"@id\":\"https:\\\/\\\/www.storage-isolcell.com\\\/fr\\\/installations-experimentales\\\/#breadcrumb\"},\"inLanguage\":\"fr-FR\",\"potentialAction\":[{\"@type\":\"ReadAction\",\"target\":[\"https:\\\/\\\/www.storage-isolcell.com\\\/fr\\\/installations-experimentales\\\/\"]}]},{\"@type\":\"ImageObject\",\"inLanguage\":\"fr-FR\",\"@id\":\"https:\\\/\\\/www.storage-isolcell.com\\\/fr\\\/installations-experimentales\\\/#primaryimage\",\"url\":\"https:\\\/\\\/storage-isolcell.com\\\/wp-content\\\/uploads\\\/2023\\\/07\\\/IMPIANTI_SPERIMENTALI_1-1024x768.jpg\",\"contentUrl\":\"https:\\\/\\\/storage-isolcell.com\\\/wp-content\\\/uploads\\\/2023\\\/07\\\/IMPIANTI_SPERIMENTALI_1-1024x768.jpg\"},{\"@type\":\"BreadcrumbList\",\"@id\":\"https:\\\/\\\/www.storage-isolcell.com\\\/fr\\\/installations-experimentales\\\/#breadcrumb\",\"itemListElement\":[{\"@type\":\"ListItem\",\"position\":1,\"name\":\"Home\",\"item\":\"https:\\\/\\\/www.storage-isolcell.com\\\/fr\\\/\"},{\"@type\":\"ListItem\",\"position\":2,\"name\":\"Installations exp\u00e9rimentales\"}]},{\"@type\":\"WebSite\",\"@id\":\"https:\\\/\\\/www.storage-isolcell.com\\\/fr\\\/#website\",\"url\":\"https:\\\/\\\/www.storage-isolcell.com\\\/fr\\\/\",\"name\":\"Isolcell Storage Division\",\"description\":\"Our Storage Division studies, designs and manufactures solutions for the fruit and vegetable storage market.\",\"publisher\":{\"@id\":\"https:\\\/\\\/www.storage-isolcell.com\\\/fr\\\/#organization\"},\"potentialAction\":[{\"@type\":\"SearchAction\",\"target\":{\"@type\":\"EntryPoint\",\"urlTemplate\":\"https:\\\/\\\/www.storage-isolcell.com\\\/fr\\\/?s={search_term_string}\"},\"query-input\":{\"@type\":\"PropertyValueSpecification\",\"valueRequired\":true,\"valueName\":\"search_term_string\"}}],\"inLanguage\":\"fr-FR\"},{\"@type\":\"Organization\",\"@id\":\"https:\\\/\\\/www.storage-isolcell.com\\\/fr\\\/#organization\",\"name\":\"Isolcell Storage Division\",\"url\":\"https:\\\/\\\/www.storage-isolcell.com\\\/fr\\\/\",\"logo\":{\"@type\":\"ImageObject\",\"inLanguage\":\"fr-FR\",\"@id\":\"https:\\\/\\\/www.storage-isolcell.com\\\/fr\\\/#\\\/schema\\\/logo\\\/image\\\/\",\"url\":\"https:\\\/\\\/www.storage-isolcell.com\\\/wp-content\\\/uploads\\\/2023\\\/07\\\/logo-storage-division.png\",\"contentUrl\":\"https:\\\/\\\/www.storage-isolcell.com\\\/wp-content\\\/uploads\\\/2023\\\/07\\\/logo-storage-division.png\",\"width\":517,\"height\":176,\"caption\":\"Isolcell Storage Division\"},\"image\":{\"@id\":\"https:\\\/\\\/www.storage-isolcell.com\\\/fr\\\/#\\\/schema\\\/logo\\\/image\\\/\"}}]}<\/script>\n<!-- \/ Yoast SEO plugin. -->","yoast_head_json":{"title":"Installations exp\u00e9rimentales - Isolcell Storage Division","robots":{"index":"index","follow":"follow","max-snippet":"max-snippet:-1","max-image-preview":"max-image-preview:large","max-video-preview":"max-video-preview:-1"},"canonical":"https:\/\/www.storage-isolcell.com\/fr\/installations-experimentales\/","og_locale":"fr_FR","og_type":"article","og_title":"Installations exp\u00e9rimentales - Isolcell Storage Division","og_description":"Installations personnalis\u00e9es Demande d&rsquo;information Installations personnalis\u00e9es En plus de 50 ans d\u2019activit\u00e9, Isolcell a con\u00e7u et produit de nombreuses installations exp\u00e9rimentales pour les instituts de recherche dans le monde entier. Nous avons adapt\u00e9 compl\u00e8tement les syst\u00e8mes aux besoins sp\u00e9cifiques en travaillant directement avec les utilisateurs. Nous fabriquons toutes les tailles de conteneurs en plastique et [&hellip;]","og_url":"https:\/\/www.storage-isolcell.com\/fr\/installations-experimentales\/","og_site_name":"Isolcell Storage Division","article_modified_time":"2023-08-01T11:29:55+00:00","og_image":[{"url":"https:\/\/storage-isolcell.com\/wp-content\/uploads\/2023\/07\/IMPIANTI_SPERIMENTALI_1-1024x768.jpg","type":"","width":"","height":""}],"twitter_card":"summary_large_image","twitter_misc":{"Dur\u00e9e de lecture estim\u00e9e":"1 minute"},"schema":{"@context":"https:\/\/schema.org","@graph":[{"@type":"WebPage","@id":"https:\/\/www.storage-isolcell.com\/fr\/installations-experimentales\/","url":"https:\/\/www.storage-isolcell.com\/fr\/installations-experimentales\/","name":"Installations exp\u00e9rimentales - Isolcell Storage Division","isPartOf":{"@id":"https:\/\/www.storage-isolcell.com\/fr\/#website"},"primaryImageOfPage":{"@id":"https:\/\/www.storage-isolcell.com\/fr\/installations-experimentales\/#primaryimage"},"image":{"@id":"https:\/\/www.storage-isolcell.com\/fr\/installations-experimentales\/#primaryimage"},"thumbnailUrl":"https:\/\/storage-isolcell.com\/wp-content\/uploads\/2023\/07\/IMPIANTI_SPERIMENTALI_1-1024x768.jpg","datePublished":"2023-07-13T14:30:17+00:00","dateModified":"2023-08-01T11:29:55+00:00","breadcrumb":{"@id":"https:\/\/www.storage-isolcell.com\/fr\/installations-experimentales\/#breadcrumb"},"inLanguage":"fr-FR","potentialAction":[{"@type":"ReadAction","target":["https:\/\/www.storage-isolcell.com\/fr\/installations-experimentales\/"]}]},{"@type":"ImageObject","inLanguage":"fr-FR","@id":"https:\/\/www.storage-isolcell.com\/fr\/installations-experimentales\/#primaryimage","url":"https:\/\/storage-isolcell.com\/wp-content\/uploads\/2023\/07\/IMPIANTI_SPERIMENTALI_1-1024x768.jpg","contentUrl":"https:\/\/storage-isolcell.com\/wp-content\/uploads\/2023\/07\/IMPIANTI_SPERIMENTALI_1-1024x768.jpg"},{"@type":"BreadcrumbList","@id":"https:\/\/www.storage-isolcell.com\/fr\/installations-experimentales\/#breadcrumb","itemListElement":[{"@type":"ListItem","position":1,"name":"Home","item":"https:\/\/www.storage-isolcell.com\/fr\/"},{"@type":"ListItem","position":2,"name":"Installations exp\u00e9rimentales"}]},{"@type":"WebSite","@id":"https:\/\/www.storage-isolcell.com\/fr\/#website","url":"https:\/\/www.storage-isolcell.com\/fr\/","name":"Isolcell Storage Division","description":"Our Storage Division studies, designs and manufactures solutions for the fruit and vegetable storage market.","publisher":{"@id":"https:\/\/www.storage-isolcell.com\/fr\/#organization"},"potentialAction":[{"@type":"SearchAction","target":{"@type":"EntryPoint","urlTemplate":"https:\/\/www.storage-isolcell.com\/fr\/?s={search_term_string}"},"query-input":{"@type":"PropertyValueSpecification","valueRequired":true,"valueName":"search_term_string"}}],"inLanguage":"fr-FR"},{"@type":"Organization","@id":"https:\/\/www.storage-isolcell.com\/fr\/#organization","name":"Isolcell Storage Division","url":"https:\/\/www.storage-isolcell.com\/fr\/","logo":{"@type":"ImageObject","inLanguage":"fr-FR","@id":"https:\/\/www.storage-isolcell.com\/fr\/#\/schema\/logo\/image\/","url":"https:\/\/www.storage-isolcell.com\/wp-content\/uploads\/2023\/07\/logo-storage-division.png","contentUrl":"https:\/\/www.storage-isolcell.com\/wp-content\/uploads\/2023\/07\/logo-storage-division.png","width":517,"height":176,"caption":"Isolcell Storage Division"},"image":{"@id":"https:\/\/www.storage-isolcell.com\/fr\/#\/schema\/logo\/image\/"}}]}},"_links":{"self":[{"href":"https:\/\/www.storage-isolcell.com\/fr\/wp-json\/wp\/v2\/pages\/7946","targetHints":{"allow":["GET"]}}],"collection":[{"href":"https:\/\/www.storage-isolcell.com\/fr\/wp-json\/wp\/v2\/pages"}],"about":[{"href":"https:\/\/www.storage-isolcell.com\/fr\/wp-json\/wp\/v2\/types\/page"}],"author":[{"embeddable":true,"href":"https:\/\/www.storage-isolcell.com\/fr\/wp-json\/wp\/v2\/users\/1"}],"replies":[{"embeddable":true,"href":"https:\/\/www.storage-isolcell.com\/fr\/wp-json\/wp\/v2\/comments?post=7946"}],"version-history":[{"count":1,"href":"https:\/\/www.storage-isolcell.com\/fr\/wp-json\/wp\/v2\/pages\/7946\/revisions"}],"predecessor-version":[{"id":7947,"href":"https:\/\/www.storage-isolcell.com\/fr\/wp-json\/wp\/v2\/pages\/7946\/revisions\/7947"}],"wp:attachment":[{"href":"https:\/\/www.storage-isolcell.com\/fr\/wp-json\/wp\/v2\/media?parent=7946"}],"curies":[{"name":"wp","href":"https:\/\/api.w.org\/{rel}","templated":true}]}}