{"id":8257,"date":"2023-07-13T12:43:43","date_gmt":"2023-07-13T12:43:43","guid":{"rendered":"https:\/\/storage-isolcell.com\/ilos-dca-etanolo\/"},"modified":"2023-09-11T11:06:25","modified_gmt":"2023-09-11T11:06:25","slug":"ilos-dca-etanolo","status":"publish","type":"page","link":"https:\/\/www.storage-isolcell.com\/es\/ilos-dca-etanolo\/","title":{"rendered":"Ilos (DCA-Etanolo)"},"content":{"rendered":"\t\t<div data-elementor-type=\"wp-page\" data-elementor-id=\"8257\" class=\"elementor elementor-8257 elementor-5743\" data-elementor-post-type=\"page\">\n\t\t\t\t\t\t<section class=\"elementor-section elementor-top-section elementor-element elementor-element-82ab65e elementor-section-height-min-height elementor-section-items-stretch elementor-section-full_width elementor-section-height-default\" data-id=\"82ab65e\" data-element_type=\"section\" data-e-type=\"section\" data-settings=\"{&quot;background_background&quot;:&quot;classic&quot;}\">\n\t\t\t\t\t\t<div class=\"elementor-container elementor-column-gap-no\">\n\t\t\t\t\t<div class=\"elementor-column elementor-col-33 elementor-top-column elementor-element elementor-element-bb0e42d\" data-id=\"bb0e42d\" data-element_type=\"column\" data-e-type=\"column\" data-settings=\"{&quot;background_background&quot;:&quot;classic&quot;}\">\n\t\t\t<div class=\"elementor-widget-wrap elementor-element-populated\">\n\t\t\t\t\t\t<div class=\"elementor-element elementor-element-4eeed2b elementor-align-start elementor-widget__width-auto elementor-absolute elementor-hidden-phone elementor-icon-list--layout-traditional elementor-list-item-link-full_width elementor-widget elementor-widget-icon-list\" data-id=\"4eeed2b\" data-element_type=\"widget\" data-e-type=\"widget\" data-settings=\"{&quot;_position&quot;:&quot;absolute&quot;}\" data-widget_type=\"icon-list.default\">\n\t\t\t\t<div class=\"elementor-widget-container\">\n\t\t\t\t\t\t\t<ul class=\"elementor-icon-list-items\">\n\t\t\t\t\t\t\t<li class=\"elementor-icon-list-item\">\n\t\t\t\t\t\t\t\t\t\t\t<a href=\"https:\/\/it.linkedin.com\/company\/isolcell-storage-division\" target=\"_blank\">\n\n\t\t\t\t\t\t\t\t\t\t\t\t<span class=\"elementor-icon-list-icon\">\n\t\t\t\t\t\t\t<i aria-hidden=\"true\" class=\"fab fa-linkedin-in\"><\/i>\t\t\t\t\t\t<\/span>\n\t\t\t\t\t\t\t\t\t\t<span class=\"elementor-icon-list-text\"><\/span>\n\t\t\t\t\t\t\t\t\t\t\t<\/a>\n\t\t\t\t\t\t\t\t\t<\/li>\n\t\t\t\t\t\t\t\t<li class=\"elementor-icon-list-item\">\n\t\t\t\t\t\t\t\t\t\t\t<a href=\"https:\/\/twitter.com\/Isolcell\" target=\"_blank\">\n\n\t\t\t\t\t\t\t\t\t\t\t\t<span class=\"elementor-icon-list-icon\">\n\t\t\t\t\t\t\t<i aria-hidden=\"true\" class=\"fab fa-twitter\"><\/i>\t\t\t\t\t\t<\/span>\n\t\t\t\t\t\t\t\t\t\t<span class=\"elementor-icon-list-text\"><\/span>\n\t\t\t\t\t\t\t\t\t\t\t<\/a>\n\t\t\t\t\t\t\t\t\t<\/li>\n\t\t\t\t\t\t\t\t<li class=\"elementor-icon-list-item\">\n\t\t\t\t\t\t\t\t\t\t\t<a href=\"https:\/\/www.youtube.com\/user\/isolcell\" target=\"_blank\">\n\n\t\t\t\t\t\t\t\t\t\t\t\t<span class=\"elementor-icon-list-icon\">\n\t\t\t\t\t\t\t<i aria-hidden=\"true\" class=\"fab fa-youtube\"><\/i>\t\t\t\t\t\t<\/span>\n\t\t\t\t\t\t\t\t\t\t<span class=\"elementor-icon-list-text\"><\/span>\n\t\t\t\t\t\t\t\t\t\t\t<\/a>\n\t\t\t\t\t\t\t\t\t<\/li>\n\t\t\t\t\t\t<\/ul>\n\t\t\t\t\t\t<\/div>\n\t\t\t\t<\/div>\n\t\t\t\t\t<\/div>\n\t\t<\/div>\n\t\t\t\t<div class=\"elementor-column elementor-col-33 elementor-top-column elementor-element elementor-element-a5f37c4\" data-id=\"a5f37c4\" data-element_type=\"column\" data-e-type=\"column\" data-settings=\"{&quot;background_background&quot;:&quot;classic&quot;}\">\n\t\t\t<div class=\"elementor-widget-wrap elementor-element-populated\">\n\t\t\t\t\t\t<div class=\"elementor-element elementor-element-14de898 elementor-widget elementor-widget-breadcrumbs\" data-id=\"14de898\" data-element_type=\"widget\" data-e-type=\"widget\" data-widget_type=\"breadcrumbs.default\">\n\t\t\t\t<div class=\"elementor-widget-container\">\n\t\t\t\t\t<p id=\"breadcrumbs\"><span><span><a href=\"https:\/\/www.storage-isolcell.com\/es\/\">Home<\/a><\/span><\/span><\/p>\t\t\t\t<\/div>\n\t\t\t\t<\/div>\n\t\t\t\t<div class=\"elementor-element elementor-element-310ddb1 elementor-widget elementor-widget-theme-post-title elementor-page-title elementor-widget-heading\" data-id=\"310ddb1\" data-element_type=\"widget\" data-e-type=\"widget\" data-widget_type=\"theme-post-title.default\">\n\t\t\t\t<div class=\"elementor-widget-container\">\n\t\t\t\t\t<h1 class=\"elementor-heading-title elementor-size-default\">Ilos (DCA-Etanolo)<\/h1>\t\t\t\t<\/div>\n\t\t\t\t<\/div>\n\t\t\t\t<div class=\"elementor-element elementor-element-e10e00f elementor-widget elementor-widget-text-editor\" data-id=\"e10e00f\" data-element_type=\"widget\" data-e-type=\"widget\" data-widget_type=\"text-editor.default\">\n\t\t\t\t<div class=\"elementor-widget-container\">\n\t\t\t\t\t\t\t\t\t<p>M\u00e9todos De Conservaci\u00f3n<\/p>\n\t\t\t\t\t\t\t\t<\/div>\n\t\t\t\t<\/div>\n\t\t\t\t<div class=\"elementor-element elementor-element-3c8bc6b elementor-tablet-align-left elementor-align-left elementor-mobile-align-justify elementor-widget elementor-widget-button\" data-id=\"3c8bc6b\" data-element_type=\"widget\" data-e-type=\"widget\" data-widget_type=\"button.default\">\n\t\t\t\t<div class=\"elementor-widget-container\">\n\t\t\t\t\t\t\t\t\t<div class=\"elementor-button-wrapper\">\n\t\t\t\t\t<a class=\"elementor-button elementor-button-link elementor-size-md\" href=\"https:\/\/www.storage-isolcell.com\/es\/contactos\/\">\n\t\t\t\t\t\t<span class=\"elementor-button-content-wrapper\">\n\t\t\t\t\t\t<span class=\"elementor-button-icon\">\n\t\t\t\t<i aria-hidden=\"true\" class=\"fas fa-caret-right\"><\/i>\t\t\t<\/span>\n\t\t\t\t\t\t\t\t\t<span class=\"elementor-button-text\">Solicitar informaci\u00f3n<\/span>\n\t\t\t\t\t<\/span>\n\t\t\t\t\t<\/a>\n\t\t\t\t<\/div>\n\t\t\t\t\t\t\t\t<\/div>\n\t\t\t\t<\/div>\n\t\t\t\t\t<\/div>\n\t\t<\/div>\n\t\t\t\t<div class=\"elementor-column elementor-col-33 elementor-top-column elementor-element elementor-element-e11f445 elementor-hidden-tablet elementor-hidden-mobile\" data-id=\"e11f445\" data-element_type=\"column\" data-e-type=\"column\" data-settings=\"{&quot;background_background&quot;:&quot;classic&quot;,&quot;background_motion_fx_motion_fx_scrolling&quot;:&quot;yes&quot;,&quot;background_motion_fx_translateY_effect&quot;:&quot;yes&quot;,&quot;background_motion_fx_translateY_direction&quot;:&quot;negative&quot;,&quot;background_motion_fx_translateY_speed&quot;:{&quot;unit&quot;:&quot;px&quot;,&quot;size&quot;:&quot;3&quot;,&quot;sizes&quot;:[]},&quot;background_motion_fx_translateY_affectedRange&quot;:{&quot;unit&quot;:&quot;%&quot;,&quot;size&quot;:&quot;&quot;,&quot;sizes&quot;:{&quot;start&quot;:0,&quot;end&quot;:100}},&quot;background_motion_fx_devices&quot;:[&quot;desktop&quot;,&quot;tablet&quot;,&quot;mobile&quot;]}\">\n\t\t\t<div class=\"elementor-widget-wrap elementor-element-populated\">\n\t\t\t\t\t\t<div class=\"elementor-element elementor-element-408b47d elementor-widget elementor-widget-spacer\" data-id=\"408b47d\" data-element_type=\"widget\" data-e-type=\"widget\" data-widget_type=\"spacer.default\">\n\t\t\t\t<div class=\"elementor-widget-container\">\n\t\t\t\t\t\t\t<div class=\"elementor-spacer\">\n\t\t\t<div class=\"elementor-spacer-inner\"><\/div>\n\t\t<\/div>\n\t\t\t\t\t\t<\/div>\n\t\t\t\t<\/div>\n\t\t\t\t\t<\/div>\n\t\t<\/div>\n\t\t\t\t\t<\/div>\n\t\t<\/section>\n\t\t\t\t<section class=\"elementor-section elementor-top-section elementor-element elementor-element-85e0a6b elementor-section-content-top elementor-section-boxed elementor-section-height-default elementor-section-height-default\" data-id=\"85e0a6b\" data-element_type=\"section\" data-e-type=\"section\">\n\t\t\t\t\t\t<div class=\"elementor-container elementor-column-gap-default\">\n\t\t\t\t\t<div class=\"elementor-column elementor-col-50 elementor-top-column elementor-element elementor-element-dc132fc\" data-id=\"dc132fc\" data-element_type=\"column\" data-e-type=\"column\">\n\t\t\t<div class=\"elementor-widget-wrap elementor-element-populated\">\n\t\t\t\t\t\t<div class=\"elementor-element elementor-element-8d1916b elementor--h-position-left elementor--v-position-top elementor-arrows-position-inside elementor-widget elementor-widget-slides\" data-id=\"8d1916b\" data-element_type=\"widget\" data-e-type=\"widget\" data-settings=\"{&quot;navigation&quot;:&quot;arrows&quot;,&quot;autoplay&quot;:&quot;yes&quot;,&quot;pause_on_hover&quot;:&quot;yes&quot;,&quot;pause_on_interaction&quot;:&quot;yes&quot;,&quot;autoplay_speed&quot;:5000,&quot;infinite&quot;:&quot;yes&quot;,&quot;transition&quot;:&quot;slide&quot;,&quot;transition_speed&quot;:500}\" data-widget_type=\"slides.default\">\n\t\t\t\t<div class=\"elementor-widget-container\">\n\t\t\t\t\t\t\t\t\t<div class=\"elementor-swiper\">\n\t\t\t\t\t<div class=\"elementor-slides-wrapper elementor-main-swiper swiper\" role=\"region\" aria-roledescription=\"carousel\" aria-label=\"Diapositivas\" dir=\"ltr\" data-animation=\"fadeInUp\">\n\t\t\t\t<div class=\"swiper-wrapper elementor-slides\">\n\t\t\t\t\t\t\t\t\t\t<div class=\"elementor-repeater-item-59a170d swiper-slide\" role=\"group\" aria-roledescription=\"slide\"><div class=\"swiper-slide-bg\" role=\"img\"><\/div><div class=\"swiper-slide-inner\" ><div class=\"swiper-slide-contents\"><\/div><\/div><\/div>\t\t\t\t<\/div>\n\t\t\t\t\t\t\t<\/div>\n\t\t\t\t<\/div>\n\t\t\t\t\t\t\t\t<\/div>\n\t\t\t\t<\/div>\n\t\t\t\t\t<\/div>\n\t\t<\/div>\n\t\t\t\t<div class=\"elementor-column elementor-col-50 elementor-top-column elementor-element elementor-element-0799643\" data-id=\"0799643\" data-element_type=\"column\" data-e-type=\"column\">\n\t\t\t<div class=\"elementor-widget-wrap elementor-element-populated\">\n\t\t\t\t\t\t<div class=\"elementor-element elementor-element-0d84f3f elementor-widget-divider--separator-type-pattern elementor-widget-divider--view-line elementor-widget elementor-widget-divider\" data-id=\"0d84f3f\" data-element_type=\"widget\" data-e-type=\"widget\" data-widget_type=\"divider.default\">\n\t\t\t\t<div class=\"elementor-widget-container\">\n\t\t\t\t\t\t\t<div class=\"elementor-divider\" style=\"--divider-pattern-url: url(&quot;data:image\/svg+xml,%3Csvg xmlns=&#039;http:\/\/www.w3.org\/2000\/svg&#039; preserveAspectRatio=&#039;none&#039; overflow=&#039;visible&#039; height=&#039;100%&#039; viewBox=&#039;0 0 20 16&#039; fill=&#039;none&#039; stroke=&#039;black&#039; stroke-width=&#039;2.2&#039; stroke-linecap=&#039;square&#039; stroke-miterlimit=&#039;10&#039;%3E%3Cg transform=&#039;translate(-12.000000, 0)&#039;%3E%3Cpath d=&#039;M28,0L10,18&#039;\/%3E%3Cpath d=&#039;M18,0L0,18&#039;\/%3E%3Cpath d=&#039;M48,0L30,18&#039;\/%3E%3Cpath d=&#039;M38,0L20,18&#039;\/%3E%3C\/g%3E%3C\/svg%3E&quot;);\">\n\t\t\t<span class=\"elementor-divider-separator\">\n\t\t\t\t\t\t<\/span>\n\t\t<\/div>\n\t\t\t\t\t\t<\/div>\n\t\t\t\t<\/div>\n\t\t\t\t<div class=\"elementor-element elementor-element-c654f55 elementor-icon-list--layout-traditional elementor-list-item-link-full_width elementor-widget elementor-widget-icon-list\" data-id=\"c654f55\" data-element_type=\"widget\" data-e-type=\"widget\" data-widget_type=\"icon-list.default\">\n\t\t\t\t<div class=\"elementor-widget-container\">\n\t\t\t\t\t\t\t<ul class=\"elementor-icon-list-items\">\n\t\t\t\t\t\t\t<li class=\"elementor-icon-list-item\">\n\t\t\t\t\t\t\t\t\t\t<span class=\"elementor-icon-list-text\">La t\u00e9cnica de mantenimiento ILOS se relaciona con la acumulaci\u00f3n controlada de alcohol dentro de la fruta para el control del escaldado, una enfermedad fisiol\u00f3gica com\u00fan en ciertas variedades de manzanas.<\/span>\n\t\t\t\t\t\t\t\t\t<\/li>\n\t\t\t\t\t\t<\/ul>\n\t\t\t\t\t\t<\/div>\n\t\t\t\t<\/div>\n\t\t\t\t<div class=\"elementor-element elementor-element-754d5bf elementor-widget elementor-widget-text-editor\" data-id=\"754d5bf\" data-element_type=\"widget\" data-e-type=\"widget\" data-widget_type=\"text-editor.default\">\n\t\t\t\t<div class=\"elementor-widget-container\">\n\t\t\t\t\t\t\t\t\t<strong>La t<\/strong><strong>\u00e9<\/strong><strong>cnica prev<\/strong><strong>\u00e9<\/strong><strong> el principio del estr<\/strong><strong>\u00e9<\/strong><strong>s causado por un bajo nivel de ox<\/strong><strong>\u00ed<\/strong><strong>geno <\/strong>(0,3-0,5 % de O2) con una duraci\u00f3n m\u00ednima de 8 a 18 d\u00edas, dependiendo del tipo de manzanas almacenadas y de otros par\u00e1metros como el estado de maduraci\u00f3n, la velocidad del descenso de ox\u00edgeno, la temperatura del producto, los valores de la atm\u00f3sfera; prev\u00e9 tambi\u00e9n la medida de alcohol et\u00edlico en la fruta. Una vez alcanzado el nivel de etanol predeterminado, el nivel de ox\u00edgeno se eleva hasta los niveles de HLO (ox\u00edgeno hiperbajo), inferiores al 1\u00a0%. El alcohol et\u00edlico se vuelve a metabolizar lentamente en los meses posteriores, lo que precisa m\u00e1s periodos de presi\u00f3n de ox\u00edgeno bajo para rehabilitar y para mantener los niveles m\u00ednimos predeterminados de etanol.\t\t\t\t\t\t\t\t<\/div>\n\t\t\t\t<\/div>\n\t\t\t\t<div class=\"elementor-element elementor-element-1722cae elementor-widget elementor-widget-heading\" data-id=\"1722cae\" data-element_type=\"widget\" data-e-type=\"widget\" data-widget_type=\"heading.default\">\n\t\t\t\t<div class=\"elementor-widget-container\">\n\t\t\t\t\t<h2 class=\"elementor-heading-title elementor-size-default\">En concreto, el m\u00e9todo ILOS se implementa como sigue:<\/h2>\t\t\t\t<\/div>\n\t\t\t\t<\/div>\n\t\t\t\t<div class=\"elementor-element elementor-element-8bd5065 elementor-widget elementor-widget-text-editor\" data-id=\"8bd5065\" data-element_type=\"widget\" data-e-type=\"widget\" data-widget_type=\"text-editor.default\">\n\t\t\t\t<div class=\"elementor-widget-container\">\n\t\t\t\t\t\t\t\t\t<p><strong>El sistema ILOS se basa en un an<\/strong><strong>\u00e1<\/strong><strong>lisis del etanol disuelto en el zumo de las manzanas.<\/strong>Para realizar el an\u00e1lisis, se debe tomar una muestra peri\u00f3dicamente dentro de las celdas. El contenido de etanol se comprueba usando un kit de an\u00e1lisis manual que utiliza un biosensor de enzimas (desechable) que empapa 0,1 ml de zumo con un reagente. El m\u00e9todo es bastante simple y r\u00e1pido (6-15 minutos) y se pueden realizar varios an\u00e1lisis sucesivos con el mismo sensor, antes de que sea necesario reemplazarlo.<\/p>\n\t\t\t\t\t\t\t\t<\/div>\n\t\t\t\t<\/div>\n\t\t\t\t\t<\/div>\n\t\t<\/div>\n\t\t\t\t\t<\/div>\n\t\t<\/section>\n\t\t\t\t<section class=\"elementor-section elementor-top-section elementor-element elementor-element-bb66048 elementor-section-content-middle elementor-section-boxed elementor-section-height-default elementor-section-height-default\" data-id=\"bb66048\" data-element_type=\"section\" data-e-type=\"section\">\n\t\t\t\t\t\t<div class=\"elementor-container elementor-column-gap-default\">\n\t\t\t\t\t<div class=\"elementor-column elementor-col-50 elementor-top-column elementor-element elementor-element-44bb644\" data-id=\"44bb644\" data-element_type=\"column\" data-e-type=\"column\">\n\t\t\t<div class=\"elementor-widget-wrap elementor-element-populated\">\n\t\t\t\t\t\t<div class=\"elementor-element elementor-element-56d9670 elementor-widget elementor-widget-heading\" data-id=\"56d9670\" data-element_type=\"widget\" data-e-type=\"widget\" data-widget_type=\"heading.default\">\n\t\t\t\t<div class=\"elementor-widget-container\">\n\t\t\t\t\t<h2 class=\"elementor-heading-title elementor-size-default\">Download<\/h2>\t\t\t\t<\/div>\n\t\t\t\t<\/div>\n\t\t\t\t\t<\/div>\n\t\t<\/div>\n\t\t\t\t<div class=\"elementor-column elementor-col-50 elementor-top-column elementor-element elementor-element-4dc4586\" data-id=\"4dc4586\" data-element_type=\"column\" data-e-type=\"column\">\n\t\t\t<div class=\"elementor-widget-wrap elementor-element-populated\">\n\t\t\t\t\t\t<div class=\"elementor-element elementor-element-a1f4f06 elementor-widget elementor-widget-spacer\" data-id=\"a1f4f06\" data-element_type=\"widget\" data-e-type=\"widget\" data-widget_type=\"spacer.default\">\n\t\t\t\t<div class=\"elementor-widget-container\">\n\t\t\t\t\t\t\t<div class=\"elementor-spacer\">\n\t\t\t<div class=\"elementor-spacer-inner\"><\/div>\n\t\t<\/div>\n\t\t\t\t\t\t<\/div>\n\t\t\t\t<\/div>\n\t\t\t\t<div class=\"elementor-element elementor-element-4c2f995 elementor-widget elementor-widget-spacer\" data-id=\"4c2f995\" data-element_type=\"widget\" data-e-type=\"widget\" data-widget_type=\"spacer.default\">\n\t\t\t\t<div class=\"elementor-widget-container\">\n\t\t\t\t\t\t\t<div class=\"elementor-spacer\">\n\t\t\t<div class=\"elementor-spacer-inner\"><\/div>\n\t\t<\/div>\n\t\t\t\t\t\t<\/div>\n\t\t\t\t<\/div>\n\t\t\t\t<div class=\"elementor-element elementor-element-47aec77 elementor-widget elementor-widget-spacer\" data-id=\"47aec77\" data-element_type=\"widget\" data-e-type=\"widget\" data-widget_type=\"spacer.default\">\n\t\t\t\t<div class=\"elementor-widget-container\">\n\t\t\t\t\t\t\t<div class=\"elementor-spacer\">\n\t\t\t<div class=\"elementor-spacer-inner\"><\/div>\n\t\t<\/div>\n\t\t\t\t\t\t<\/div>\n\t\t\t\t<\/div>\n\t\t\t\t<div class=\"elementor-element elementor-element-0898470 elementor-mobile-align-justify elementor-tablet-align-justify elementor-align-justify elementor-widget elementor-widget-button\" data-id=\"0898470\" data-element_type=\"widget\" data-e-type=\"widget\" data-widget_type=\"button.default\">\n\t\t\t\t<div class=\"elementor-widget-container\">\n\t\t\t\t\t\t\t\t\t<div class=\"elementor-button-wrapper\">\n\t\t\t\t\t<a class=\"elementor-button elementor-button-link elementor-size-md\" href=\"\/wp-content\/uploads\/2023\/07\/ILOS.pdf\" target=\"_blank\">\n\t\t\t\t\t\t<span class=\"elementor-button-content-wrapper\">\n\t\t\t\t\t\t<span class=\"elementor-button-icon\">\n\t\t\t\t<i aria-hidden=\"true\" class=\"fas fa-file-pdf\"><\/i>\t\t\t<\/span>\n\t\t\t\t\t\t\t\t\t<span class=\"elementor-button-text\">Ilos<\/span>\n\t\t\t\t\t<\/span>\n\t\t\t\t\t<\/a>\n\t\t\t\t<\/div>\n\t\t\t\t\t\t\t\t<\/div>\n\t\t\t\t<\/div>\n\t\t\t\t\t<\/div>\n\t\t<\/div>\n\t\t\t\t\t<\/div>\n\t\t<\/section>\n\t\t\t\t<\/div>\n\t\t","protected":false},"excerpt":{"rendered":"<p>M\u00e9todos De Conservaci\u00f3n Solicitar informaci\u00f3n La t\u00e9cnica de mantenimiento ILOS se relaciona con la acumulaci\u00f3n controlada de alcohol dentro de la fruta para el control del escaldado, una enfermedad fisiol\u00f3gica com\u00fan en ciertas variedades de manzanas. La t\u00e9cnica prev\u00e9 el principio del estr\u00e9s causado por un bajo nivel de ox\u00edgeno (0,3-0,5 % de O2) con [&hellip;]<\/p>\n","protected":false},"author":1,"featured_media":0,"parent":0,"menu_order":0,"comment_status":"closed","ping_status":"closed","template":"elementor_header_footer","meta":{"footnotes":""},"class_list":["post-8257","page","type-page","status-publish","hentry"],"yoast_head":"<!-- This site is optimized with the Yoast SEO plugin v27.5 - https:\/\/yoast.com\/product\/yoast-seo-wordpress\/ -->\n<title>Ilos (DCA-Etanolo) - Isolcell Storage Division<\/title>\n<meta name=\"robots\" content=\"index, follow, max-snippet:-1, max-image-preview:large, max-video-preview:-1\" \/>\n<link rel=\"canonical\" href=\"https:\/\/www.storage-isolcell.com\/es\/ilos-dca-etanolo\/\" \/>\n<meta property=\"og:locale\" content=\"es_ES\" \/>\n<meta property=\"og:type\" content=\"article\" \/>\n<meta property=\"og:title\" content=\"Ilos (DCA-Etanolo) - Isolcell Storage Division\" \/>\n<meta property=\"og:description\" content=\"M\u00e9todos De Conservaci\u00f3n Solicitar informaci\u00f3n La t\u00e9cnica de mantenimiento ILOS se relaciona con la acumulaci\u00f3n controlada de alcohol dentro de la fruta para el control del escaldado, una enfermedad fisiol\u00f3gica com\u00fan en ciertas variedades de manzanas. La t\u00e9cnica prev\u00e9 el principio del estr\u00e9s causado por un bajo nivel de ox\u00edgeno (0,3-0,5 % de O2) con [&hellip;]\" \/>\n<meta property=\"og:url\" content=\"https:\/\/www.storage-isolcell.com\/es\/ilos-dca-etanolo\/\" \/>\n<meta property=\"og:site_name\" content=\"Isolcell Storage Division\" \/>\n<meta property=\"article:modified_time\" content=\"2023-09-11T11:06:25+00:00\" \/>\n<meta name=\"twitter:card\" content=\"summary_large_image\" \/>\n<meta name=\"twitter:label1\" content=\"Tiempo de lectura\" \/>\n\t<meta name=\"twitter:data1\" content=\"1 minuto\" \/>\n<script type=\"application\/ld+json\" class=\"yoast-schema-graph\">{\"@context\":\"https:\\\/\\\/schema.org\",\"@graph\":[{\"@type\":\"WebPage\",\"@id\":\"https:\\\/\\\/www.storage-isolcell.com\\\/es\\\/ilos-dca-etanolo\\\/\",\"url\":\"https:\\\/\\\/www.storage-isolcell.com\\\/es\\\/ilos-dca-etanolo\\\/\",\"name\":\"Ilos (DCA-Etanolo) - Isolcell Storage Division\",\"isPartOf\":{\"@id\":\"https:\\\/\\\/www.storage-isolcell.com\\\/es\\\/#website\"},\"datePublished\":\"2023-07-13T12:43:43+00:00\",\"dateModified\":\"2023-09-11T11:06:25+00:00\",\"breadcrumb\":{\"@id\":\"https:\\\/\\\/www.storage-isolcell.com\\\/es\\\/ilos-dca-etanolo\\\/#breadcrumb\"},\"inLanguage\":\"es\",\"potentialAction\":[{\"@type\":\"ReadAction\",\"target\":[\"https:\\\/\\\/www.storage-isolcell.com\\\/es\\\/ilos-dca-etanolo\\\/\"]}]},{\"@type\":\"BreadcrumbList\",\"@id\":\"https:\\\/\\\/www.storage-isolcell.com\\\/es\\\/ilos-dca-etanolo\\\/#breadcrumb\",\"itemListElement\":[{\"@type\":\"ListItem\",\"position\":1,\"name\":\"Home\",\"item\":\"https:\\\/\\\/www.storage-isolcell.com\\\/es\\\/\"},{\"@type\":\"ListItem\",\"position\":2,\"name\":\"Ilos (DCA-Etanolo)\"}]},{\"@type\":\"WebSite\",\"@id\":\"https:\\\/\\\/www.storage-isolcell.com\\\/es\\\/#website\",\"url\":\"https:\\\/\\\/www.storage-isolcell.com\\\/es\\\/\",\"name\":\"Isolcell Storage Division\",\"description\":\"Our Storage Division studies, designs and manufactures solutions for the fruit and vegetable storage market.\",\"publisher\":{\"@id\":\"https:\\\/\\\/www.storage-isolcell.com\\\/es\\\/#organization\"},\"potentialAction\":[{\"@type\":\"SearchAction\",\"target\":{\"@type\":\"EntryPoint\",\"urlTemplate\":\"https:\\\/\\\/www.storage-isolcell.com\\\/es\\\/?s={search_term_string}\"},\"query-input\":{\"@type\":\"PropertyValueSpecification\",\"valueRequired\":true,\"valueName\":\"search_term_string\"}}],\"inLanguage\":\"es\"},{\"@type\":\"Organization\",\"@id\":\"https:\\\/\\\/www.storage-isolcell.com\\\/es\\\/#organization\",\"name\":\"Isolcell Storage Division\",\"url\":\"https:\\\/\\\/www.storage-isolcell.com\\\/es\\\/\",\"logo\":{\"@type\":\"ImageObject\",\"inLanguage\":\"es\",\"@id\":\"https:\\\/\\\/www.storage-isolcell.com\\\/es\\\/#\\\/schema\\\/logo\\\/image\\\/\",\"url\":\"https:\\\/\\\/www.storage-isolcell.com\\\/wp-content\\\/uploads\\\/2023\\\/07\\\/logo-storage-division.png\",\"contentUrl\":\"https:\\\/\\\/www.storage-isolcell.com\\\/wp-content\\\/uploads\\\/2023\\\/07\\\/logo-storage-division.png\",\"width\":517,\"height\":176,\"caption\":\"Isolcell Storage Division\"},\"image\":{\"@id\":\"https:\\\/\\\/www.storage-isolcell.com\\\/es\\\/#\\\/schema\\\/logo\\\/image\\\/\"}}]}<\/script>\n<!-- \/ Yoast SEO plugin. -->","yoast_head_json":{"title":"Ilos (DCA-Etanolo) - Isolcell Storage Division","robots":{"index":"index","follow":"follow","max-snippet":"max-snippet:-1","max-image-preview":"max-image-preview:large","max-video-preview":"max-video-preview:-1"},"canonical":"https:\/\/www.storage-isolcell.com\/es\/ilos-dca-etanolo\/","og_locale":"es_ES","og_type":"article","og_title":"Ilos (DCA-Etanolo) - Isolcell Storage Division","og_description":"M\u00e9todos De Conservaci\u00f3n Solicitar informaci\u00f3n La t\u00e9cnica de mantenimiento ILOS se relaciona con la acumulaci\u00f3n controlada de alcohol dentro de la fruta para el control del escaldado, una enfermedad fisiol\u00f3gica com\u00fan en ciertas variedades de manzanas. La t\u00e9cnica prev\u00e9 el principio del estr\u00e9s causado por un bajo nivel de ox\u00edgeno (0,3-0,5 % de O2) con [&hellip;]","og_url":"https:\/\/www.storage-isolcell.com\/es\/ilos-dca-etanolo\/","og_site_name":"Isolcell Storage Division","article_modified_time":"2023-09-11T11:06:25+00:00","twitter_card":"summary_large_image","twitter_misc":{"Tiempo de lectura":"1 minuto"},"schema":{"@context":"https:\/\/schema.org","@graph":[{"@type":"WebPage","@id":"https:\/\/www.storage-isolcell.com\/es\/ilos-dca-etanolo\/","url":"https:\/\/www.storage-isolcell.com\/es\/ilos-dca-etanolo\/","name":"Ilos (DCA-Etanolo) - Isolcell Storage Division","isPartOf":{"@id":"https:\/\/www.storage-isolcell.com\/es\/#website"},"datePublished":"2023-07-13T12:43:43+00:00","dateModified":"2023-09-11T11:06:25+00:00","breadcrumb":{"@id":"https:\/\/www.storage-isolcell.com\/es\/ilos-dca-etanolo\/#breadcrumb"},"inLanguage":"es","potentialAction":[{"@type":"ReadAction","target":["https:\/\/www.storage-isolcell.com\/es\/ilos-dca-etanolo\/"]}]},{"@type":"BreadcrumbList","@id":"https:\/\/www.storage-isolcell.com\/es\/ilos-dca-etanolo\/#breadcrumb","itemListElement":[{"@type":"ListItem","position":1,"name":"Home","item":"https:\/\/www.storage-isolcell.com\/es\/"},{"@type":"ListItem","position":2,"name":"Ilos (DCA-Etanolo)"}]},{"@type":"WebSite","@id":"https:\/\/www.storage-isolcell.com\/es\/#website","url":"https:\/\/www.storage-isolcell.com\/es\/","name":"Isolcell Storage Division","description":"Our Storage Division studies, designs and manufactures solutions for the fruit and vegetable storage market.","publisher":{"@id":"https:\/\/www.storage-isolcell.com\/es\/#organization"},"potentialAction":[{"@type":"SearchAction","target":{"@type":"EntryPoint","urlTemplate":"https:\/\/www.storage-isolcell.com\/es\/?s={search_term_string}"},"query-input":{"@type":"PropertyValueSpecification","valueRequired":true,"valueName":"search_term_string"}}],"inLanguage":"es"},{"@type":"Organization","@id":"https:\/\/www.storage-isolcell.com\/es\/#organization","name":"Isolcell Storage Division","url":"https:\/\/www.storage-isolcell.com\/es\/","logo":{"@type":"ImageObject","inLanguage":"es","@id":"https:\/\/www.storage-isolcell.com\/es\/#\/schema\/logo\/image\/","url":"https:\/\/www.storage-isolcell.com\/wp-content\/uploads\/2023\/07\/logo-storage-division.png","contentUrl":"https:\/\/www.storage-isolcell.com\/wp-content\/uploads\/2023\/07\/logo-storage-division.png","width":517,"height":176,"caption":"Isolcell Storage Division"},"image":{"@id":"https:\/\/www.storage-isolcell.com\/es\/#\/schema\/logo\/image\/"}}]}},"_links":{"self":[{"href":"https:\/\/www.storage-isolcell.com\/es\/wp-json\/wp\/v2\/pages\/8257","targetHints":{"allow":["GET"]}}],"collection":[{"href":"https:\/\/www.storage-isolcell.com\/es\/wp-json\/wp\/v2\/pages"}],"about":[{"href":"https:\/\/www.storage-isolcell.com\/es\/wp-json\/wp\/v2\/types\/page"}],"author":[{"embeddable":true,"href":"https:\/\/www.storage-isolcell.com\/es\/wp-json\/wp\/v2\/users\/1"}],"replies":[{"embeddable":true,"href":"https:\/\/www.storage-isolcell.com\/es\/wp-json\/wp\/v2\/comments?post=8257"}],"version-history":[{"count":5,"href":"https:\/\/www.storage-isolcell.com\/es\/wp-json\/wp\/v2\/pages\/8257\/revisions"}],"predecessor-version":[{"id":9084,"href":"https:\/\/www.storage-isolcell.com\/es\/wp-json\/wp\/v2\/pages\/8257\/revisions\/9084"}],"wp:attachment":[{"href":"https:\/\/www.storage-isolcell.com\/es\/wp-json\/wp\/v2\/media?parent=8257"}],"curies":[{"name":"wp","href":"https:\/\/api.w.org\/{rel}","templated":true}]}}