{"id":7630,"date":"2023-07-13T14:30:17","date_gmt":"2023-07-13T14:30:17","guid":{"rendered":"https:\/\/storage-isolcell.com\/testlagen\/"},"modified":"2023-08-01T08:10:48","modified_gmt":"2023-08-01T08:10:48","slug":"testlagen","status":"publish","type":"page","link":"https:\/\/www.storage-isolcell.com\/de\/testlagen\/","title":{"rendered":"Testlagen"},"content":{"rendered":"\t\t<div data-elementor-type=\"wp-page\" data-elementor-id=\"7630\" class=\"elementor elementor-7630 elementor-5969\" data-elementor-post-type=\"page\">\n\t\t\t\t\t\t<section class=\"elementor-section elementor-top-section elementor-element elementor-element-17d044b elementor-section-height-min-height elementor-section-items-stretch elementor-section-full_width elementor-section-height-default\" data-id=\"17d044b\" data-element_type=\"section\" data-e-type=\"section\" data-settings=\"{&quot;background_background&quot;:&quot;classic&quot;}\">\n\t\t\t\t\t\t<div class=\"elementor-container elementor-column-gap-no\">\n\t\t\t\t\t<div class=\"elementor-column elementor-col-33 elementor-top-column elementor-element elementor-element-ea622ce\" data-id=\"ea622ce\" data-element_type=\"column\" data-e-type=\"column\" data-settings=\"{&quot;background_background&quot;:&quot;classic&quot;}\">\n\t\t\t<div class=\"elementor-widget-wrap elementor-element-populated\">\n\t\t\t\t\t\t<div class=\"elementor-element elementor-element-62be2ba elementor-align-start elementor-widget__width-auto elementor-absolute elementor-hidden-phone elementor-icon-list--layout-traditional elementor-list-item-link-full_width elementor-widget elementor-widget-icon-list\" data-id=\"62be2ba\" data-element_type=\"widget\" data-e-type=\"widget\" data-settings=\"{&quot;_position&quot;:&quot;absolute&quot;}\" data-widget_type=\"icon-list.default\">\n\t\t\t\t<div class=\"elementor-widget-container\">\n\t\t\t\t\t\t\t<ul class=\"elementor-icon-list-items\">\n\t\t\t\t\t\t\t<li class=\"elementor-icon-list-item\">\n\t\t\t\t\t\t\t\t\t\t\t<a href=\"https:\/\/it.linkedin.com\/company\/isolcell-storage-division\" target=\"_blank\">\n\n\t\t\t\t\t\t\t\t\t\t\t\t<span class=\"elementor-icon-list-icon\">\n\t\t\t\t\t\t\t<i aria-hidden=\"true\" class=\"fab fa-linkedin-in\"><\/i>\t\t\t\t\t\t<\/span>\n\t\t\t\t\t\t\t\t\t\t<span class=\"elementor-icon-list-text\"><\/span>\n\t\t\t\t\t\t\t\t\t\t\t<\/a>\n\t\t\t\t\t\t\t\t\t<\/li>\n\t\t\t\t\t\t\t\t<li class=\"elementor-icon-list-item\">\n\t\t\t\t\t\t\t\t\t\t\t<a href=\"https:\/\/twitter.com\/Isolcell\" target=\"_blank\">\n\n\t\t\t\t\t\t\t\t\t\t\t\t<span class=\"elementor-icon-list-icon\">\n\t\t\t\t\t\t\t<i aria-hidden=\"true\" class=\"fab fa-twitter\"><\/i>\t\t\t\t\t\t<\/span>\n\t\t\t\t\t\t\t\t\t\t<span class=\"elementor-icon-list-text\"><\/span>\n\t\t\t\t\t\t\t\t\t\t\t<\/a>\n\t\t\t\t\t\t\t\t\t<\/li>\n\t\t\t\t\t\t\t\t<li class=\"elementor-icon-list-item\">\n\t\t\t\t\t\t\t\t\t\t\t<a href=\"https:\/\/www.youtube.com\/user\/isolcell\" target=\"_blank\">\n\n\t\t\t\t\t\t\t\t\t\t\t\t<span class=\"elementor-icon-list-icon\">\n\t\t\t\t\t\t\t<i aria-hidden=\"true\" class=\"fab fa-youtube\"><\/i>\t\t\t\t\t\t<\/span>\n\t\t\t\t\t\t\t\t\t\t<span class=\"elementor-icon-list-text\"><\/span>\n\t\t\t\t\t\t\t\t\t\t\t<\/a>\n\t\t\t\t\t\t\t\t\t<\/li>\n\t\t\t\t\t\t<\/ul>\n\t\t\t\t\t\t<\/div>\n\t\t\t\t<\/div>\n\t\t\t\t\t<\/div>\n\t\t<\/div>\n\t\t\t\t<div class=\"elementor-column elementor-col-33 elementor-top-column elementor-element elementor-element-05e8eff\" data-id=\"05e8eff\" data-element_type=\"column\" data-e-type=\"column\" data-settings=\"{&quot;background_background&quot;:&quot;classic&quot;}\">\n\t\t\t<div class=\"elementor-widget-wrap elementor-element-populated\">\n\t\t\t\t\t\t<div class=\"elementor-element elementor-element-c2e40c1 elementor-widget elementor-widget-breadcrumbs\" data-id=\"c2e40c1\" data-element_type=\"widget\" data-e-type=\"widget\" data-widget_type=\"breadcrumbs.default\">\n\t\t\t\t<div class=\"elementor-widget-container\">\n\t\t\t\t\t<p id=\"breadcrumbs\"><span><span><a href=\"https:\/\/www.storage-isolcell.com\/de\/\">Home<\/a><\/span><\/span><\/p>\t\t\t\t<\/div>\n\t\t\t\t<\/div>\n\t\t\t\t<div class=\"elementor-element elementor-element-b9da166 elementor-widget elementor-widget-theme-post-title elementor-page-title elementor-widget-heading\" data-id=\"b9da166\" data-element_type=\"widget\" data-e-type=\"widget\" data-widget_type=\"theme-post-title.default\">\n\t\t\t\t<div class=\"elementor-widget-container\">\n\t\t\t\t\t<h1 class=\"elementor-heading-title elementor-size-default\">Testlagen<\/h1>\t\t\t\t<\/div>\n\t\t\t\t<\/div>\n\t\t\t\t<div class=\"elementor-element elementor-element-02a4b9f elementor-widget elementor-widget-text-editor\" data-id=\"02a4b9f\" data-element_type=\"widget\" data-e-type=\"widget\" data-widget_type=\"text-editor.default\">\n\t\t\t\t<div class=\"elementor-widget-container\">\n\t\t\t\t\t\t\t\t\t<p>Ma\u00dfgeschneiderte Installationen<\/p>\n\t\t\t\t\t\t\t\t<\/div>\n\t\t\t\t<\/div>\n\t\t\t\t<div class=\"elementor-element elementor-element-df50c46 elementor-tablet-align-left elementor-align-left elementor-mobile-align-justify elementor-widget elementor-widget-button\" data-id=\"df50c46\" data-element_type=\"widget\" data-e-type=\"widget\" data-widget_type=\"button.default\">\n\t\t\t\t<div class=\"elementor-widget-container\">\n\t\t\t\t\t\t\t\t\t<div class=\"elementor-button-wrapper\">\n\t\t\t\t\t<a class=\"elementor-button elementor-button-link elementor-size-md\" href=\"https:\/\/www.storage-isolcell.com\/de\/kontakt\/\">\n\t\t\t\t\t\t<span class=\"elementor-button-content-wrapper\">\n\t\t\t\t\t\t<span class=\"elementor-button-icon\">\n\t\t\t\t<i aria-hidden=\"true\" class=\"fas fa-caret-right\"><\/i>\t\t\t<\/span>\n\t\t\t\t\t\t\t\t\t<span class=\"elementor-button-text\">Informationen anfordern<\/span>\n\t\t\t\t\t<\/span>\n\t\t\t\t\t<\/a>\n\t\t\t\t<\/div>\n\t\t\t\t\t\t\t\t<\/div>\n\t\t\t\t<\/div>\n\t\t\t\t\t<\/div>\n\t\t<\/div>\n\t\t\t\t<div class=\"elementor-column elementor-col-33 elementor-top-column elementor-element elementor-element-dd1db44 elementor-hidden-tablet elementor-hidden-mobile\" data-id=\"dd1db44\" data-element_type=\"column\" data-e-type=\"column\" data-settings=\"{&quot;background_background&quot;:&quot;classic&quot;,&quot;background_motion_fx_motion_fx_scrolling&quot;:&quot;yes&quot;,&quot;background_motion_fx_translateY_effect&quot;:&quot;yes&quot;,&quot;background_motion_fx_translateY_direction&quot;:&quot;negative&quot;,&quot;background_motion_fx_translateY_speed&quot;:{&quot;unit&quot;:&quot;px&quot;,&quot;size&quot;:&quot;3&quot;,&quot;sizes&quot;:[]},&quot;background_motion_fx_translateY_affectedRange&quot;:{&quot;unit&quot;:&quot;%&quot;,&quot;size&quot;:&quot;&quot;,&quot;sizes&quot;:{&quot;start&quot;:0,&quot;end&quot;:100}},&quot;background_motion_fx_devices&quot;:[&quot;desktop&quot;,&quot;tablet&quot;,&quot;mobile&quot;]}\">\n\t\t\t<div class=\"elementor-widget-wrap elementor-element-populated\">\n\t\t\t\t\t<div class=\"elementor-background-overlay\"><\/div>\n\t\t\t\t\t\t<div class=\"elementor-element elementor-element-97f9324 elementor-widget elementor-widget-spacer\" data-id=\"97f9324\" data-element_type=\"widget\" data-e-type=\"widget\" data-widget_type=\"spacer.default\">\n\t\t\t\t<div class=\"elementor-widget-container\">\n\t\t\t\t\t\t\t<div class=\"elementor-spacer\">\n\t\t\t<div class=\"elementor-spacer-inner\"><\/div>\n\t\t<\/div>\n\t\t\t\t\t\t<\/div>\n\t\t\t\t<\/div>\n\t\t\t\t\t<\/div>\n\t\t<\/div>\n\t\t\t\t\t<\/div>\n\t\t<\/section>\n\t\t\t\t<section class=\"elementor-section elementor-top-section elementor-element elementor-element-904d58b elementor-section-content-top elementor-section-boxed elementor-section-height-default elementor-section-height-default\" data-id=\"904d58b\" data-element_type=\"section\" data-e-type=\"section\">\n\t\t\t\t\t\t<div class=\"elementor-container elementor-column-gap-default\">\n\t\t\t\t\t<div class=\"elementor-column elementor-col-50 elementor-top-column elementor-element elementor-element-457e28b\" data-id=\"457e28b\" data-element_type=\"column\" data-e-type=\"column\">\n\t\t\t<div class=\"elementor-widget-wrap elementor-element-populated\">\n\t\t\t\t\t\t<div class=\"elementor-element elementor-element-82ec8d1 elementor-widget elementor-widget-image\" data-id=\"82ec8d1\" data-element_type=\"widget\" data-e-type=\"widget\" data-widget_type=\"image.default\">\n\t\t\t\t<div class=\"elementor-widget-container\">\n\t\t\t\t\t\t\t\t\t\t\t\t\t\t\t<img fetchpriority=\"high\" decoding=\"async\" width=\"800\" height=\"600\" src=\"https:\/\/www.storage-isolcell.com\/wp-content\/uploads\/2023\/07\/IMPIANTI_SPERIMENTALI_1-1024x768.jpg\" class=\"attachment-large size-large wp-image-7530\" alt=\"\" srcset=\"https:\/\/www.storage-isolcell.com\/wp-content\/uploads\/2023\/07\/IMPIANTI_SPERIMENTALI_1-1024x768.jpg 1024w, https:\/\/www.storage-isolcell.com\/wp-content\/uploads\/2023\/07\/IMPIANTI_SPERIMENTALI_1-300x225.jpg 300w, https:\/\/www.storage-isolcell.com\/wp-content\/uploads\/2023\/07\/IMPIANTI_SPERIMENTALI_1-768x576.jpg 768w, https:\/\/www.storage-isolcell.com\/wp-content\/uploads\/2023\/07\/IMPIANTI_SPERIMENTALI_1.jpg 1440w\" sizes=\"(max-width: 800px) 100vw, 800px\" \/>\t\t\t\t\t\t\t\t\t\t\t\t\t\t\t<\/div>\n\t\t\t\t<\/div>\n\t\t\t\t\t<\/div>\n\t\t<\/div>\n\t\t\t\t<div class=\"elementor-column elementor-col-50 elementor-top-column elementor-element elementor-element-96364c7\" data-id=\"96364c7\" data-element_type=\"column\" data-e-type=\"column\">\n\t\t\t<div class=\"elementor-widget-wrap elementor-element-populated\">\n\t\t\t\t\t\t<div class=\"elementor-element elementor-element-99bc534 elementor-widget-divider--separator-type-pattern elementor-widget-divider--view-line elementor-widget elementor-widget-divider\" data-id=\"99bc534\" data-element_type=\"widget\" data-e-type=\"widget\" data-widget_type=\"divider.default\">\n\t\t\t\t<div class=\"elementor-widget-container\">\n\t\t\t\t\t\t\t<div class=\"elementor-divider\" style=\"--divider-pattern-url: url(&quot;data:image\/svg+xml,%3Csvg xmlns=&#039;http:\/\/www.w3.org\/2000\/svg&#039; preserveAspectRatio=&#039;none&#039; overflow=&#039;visible&#039; height=&#039;100%&#039; viewBox=&#039;0 0 20 16&#039; fill=&#039;none&#039; stroke=&#039;black&#039; stroke-width=&#039;2.2&#039; stroke-linecap=&#039;square&#039; stroke-miterlimit=&#039;10&#039;%3E%3Cg transform=&#039;translate(-12.000000, 0)&#039;%3E%3Cpath d=&#039;M28,0L10,18&#039;\/%3E%3Cpath d=&#039;M18,0L0,18&#039;\/%3E%3Cpath d=&#039;M48,0L30,18&#039;\/%3E%3Cpath d=&#039;M38,0L20,18&#039;\/%3E%3C\/g%3E%3C\/svg%3E&quot;);\">\n\t\t\t<span class=\"elementor-divider-separator\">\n\t\t\t\t\t\t<\/span>\n\t\t<\/div>\n\t\t\t\t\t\t<\/div>\n\t\t\t\t<\/div>\n\t\t\t\t<div class=\"elementor-element elementor-element-4ff2028 elementor-widget elementor-widget-heading\" data-id=\"4ff2028\" data-element_type=\"widget\" data-e-type=\"widget\" data-widget_type=\"heading.default\">\n\t\t\t\t<div class=\"elementor-widget-container\">\n\t\t\t\t\t<h2 class=\"elementor-heading-title elementor-size-default\">Ma\u00dfgeschneiderte Installationen<\/h2>\t\t\t\t<\/div>\n\t\t\t\t<\/div>\n\t\t\t\t<div class=\"elementor-element elementor-element-9d1f954 elementor-widget elementor-widget-text-editor\" data-id=\"9d1f954\" data-element_type=\"widget\" data-e-type=\"widget\" data-widget_type=\"text-editor.default\">\n\t\t\t\t<div class=\"elementor-widget-container\">\n\t\t\t\t\t\t\t\t\t<p>In den mehr als 50 Jahren seines Bestehens hat Isolcell viele experimentelle Anlagen f\u00fcr Forschungsinstitute auf der ganzen Welt konstruiert und aufgebaut. Wir bauen viele Spezialsysteme in direkter Zusammenarbeit mit den Anwendern. Wir produzieren alle Gr\u00f6\u00dfen von Edelstahl- und Kunststoffcontainern, wasserdichte Zelte und Experimentierzellen einschlie\u00dflich des gesamten Zubeh\u00f6rs f\u00fcr den Betrieb unter kontrollierter Atmosph\u00e4re bei der Anwendung modernster Lagerungstechnik. <strong>Isolcell vermarktet weltweit exklusiv das innovative DCA-CF-Lagerungssystem <\/strong>(dynamisch kontrollierte Atmosph\u00e4re unter Verwendung von HarvestWatch(R)-Fluoreszenzsensoren), ebenfalls f\u00fcr Forschungsinstitute. Mit diesem System k\u00f6nnen Forschungsinstitute die Zeit zur Bestimmung optimaler Sauerstoffwerte f\u00fcr die Konservierung verschiedener Produkte drastisch verk\u00fcrzen. Sie k\u00f6nnen extreme Atmosph\u00e4ren generieren, in denen die Qualit\u00e4t und Lagerdauer der Produkte maximiert ist. Bestimmte Krankheiten k\u00f6nnen ohne Chemikalieneinsatz kontrolliert werden. <strong>Au<\/strong><strong>\u00df<\/strong><strong>erdem bieten wir CO<\/strong><strong>2<\/strong><strong>-W<\/strong><strong>\u00e4<\/strong><strong>scher auf Basis von Aktivkohle oder chemischer Adsorption, Ethylenentferner und Ethylenw<\/strong><strong>\u00e4<\/strong><strong>scher, Stickstoffgeneratoren sowie O<\/strong><strong>2<\/strong><strong>-, CO<\/strong><strong>2<\/strong><strong>\u2013 und Ethylenanalysatoren an<\/strong>, die f\u00fcr den Betrieb auf kleinen Beh\u00e4ltern konstruiert sind und mit einem Computerprogramm gesteuert werden, das speziell f\u00fcr die Forschung entwickelt wurde. Um ein globales Produkt anbieten zu k\u00f6nnen, baut Isolcell Italia indirekte K\u00fchlsysteme, die flexibel die K\u00fchlung in unterschiedlichen Zellen regeln.<\/p>\n\t\t\t\t\t\t\t\t<\/div>\n\t\t\t\t<\/div>\n\t\t\t\t\t<\/div>\n\t\t<\/div>\n\t\t\t\t\t<\/div>\n\t\t<\/section>\n\t\t\t\t<\/div>\n\t\t","protected":false},"excerpt":{"rendered":"<p>Ma\u00dfgeschneiderte Installationen Informationen anfordern Ma\u00dfgeschneiderte Installationen In den mehr als 50 Jahren seines Bestehens hat Isolcell viele experimentelle Anlagen f\u00fcr Forschungsinstitute auf der ganzen Welt konstruiert und aufgebaut. Wir bauen viele Spezialsysteme in direkter Zusammenarbeit mit den Anwendern. Wir produzieren alle Gr\u00f6\u00dfen von Edelstahl- und Kunststoffcontainern, wasserdichte Zelte und Experimentierzellen einschlie\u00dflich des gesamten Zubeh\u00f6rs f\u00fcr [&hellip;]<\/p>\n","protected":false},"author":1,"featured_media":0,"parent":0,"menu_order":0,"comment_status":"closed","ping_status":"closed","template":"elementor_header_footer","meta":{"footnotes":""},"class_list":["post-7630","page","type-page","status-publish","hentry"],"yoast_head":"<!-- This site is optimized with the Yoast SEO plugin v27.5 - https:\/\/yoast.com\/product\/yoast-seo-wordpress\/ -->\n<title>Testlagen - Isolcell Storage Division<\/title>\n<meta name=\"robots\" content=\"index, follow, max-snippet:-1, max-image-preview:large, max-video-preview:-1\" \/>\n<link rel=\"canonical\" href=\"https:\/\/www.storage-isolcell.com\/de\/testlagen\/\" \/>\n<meta property=\"og:locale\" content=\"de_DE\" \/>\n<meta property=\"og:type\" content=\"article\" \/>\n<meta property=\"og:title\" content=\"Testlagen - Isolcell Storage Division\" \/>\n<meta property=\"og:description\" content=\"Ma\u00dfgeschneiderte Installationen Informationen anfordern Ma\u00dfgeschneiderte Installationen In den mehr als 50 Jahren seines Bestehens hat Isolcell viele experimentelle Anlagen f\u00fcr Forschungsinstitute auf der ganzen Welt konstruiert und aufgebaut. Wir bauen viele Spezialsysteme in direkter Zusammenarbeit mit den Anwendern. Wir produzieren alle Gr\u00f6\u00dfen von Edelstahl- und Kunststoffcontainern, wasserdichte Zelte und Experimentierzellen einschlie\u00dflich des gesamten Zubeh\u00f6rs f\u00fcr [&hellip;]\" \/>\n<meta property=\"og:url\" content=\"https:\/\/www.storage-isolcell.com\/de\/testlagen\/\" \/>\n<meta property=\"og:site_name\" content=\"Isolcell Storage Division\" \/>\n<meta property=\"article:modified_time\" content=\"2023-08-01T08:10:48+00:00\" \/>\n<meta property=\"og:image\" content=\"https:\/\/storage-isolcell.com\/wp-content\/uploads\/2023\/07\/IMPIANTI_SPERIMENTALI_1-1024x768.jpg\" \/>\n<meta name=\"twitter:card\" content=\"summary_large_image\" \/>\n<meta name=\"twitter:label1\" content=\"Gesch\u00e4tzte Lesezeit\" \/>\n\t<meta name=\"twitter:data1\" content=\"1\u00a0Minute\" \/>\n<script type=\"application\/ld+json\" class=\"yoast-schema-graph\">{\"@context\":\"https:\\\/\\\/schema.org\",\"@graph\":[{\"@type\":\"WebPage\",\"@id\":\"https:\\\/\\\/www.storage-isolcell.com\\\/de\\\/testlagen\\\/\",\"url\":\"https:\\\/\\\/www.storage-isolcell.com\\\/de\\\/testlagen\\\/\",\"name\":\"Testlagen - Isolcell Storage Division\",\"isPartOf\":{\"@id\":\"https:\\\/\\\/www.storage-isolcell.com\\\/de\\\/#website\"},\"primaryImageOfPage\":{\"@id\":\"https:\\\/\\\/www.storage-isolcell.com\\\/de\\\/testlagen\\\/#primaryimage\"},\"image\":{\"@id\":\"https:\\\/\\\/www.storage-isolcell.com\\\/de\\\/testlagen\\\/#primaryimage\"},\"thumbnailUrl\":\"https:\\\/\\\/storage-isolcell.com\\\/wp-content\\\/uploads\\\/2023\\\/07\\\/IMPIANTI_SPERIMENTALI_1-1024x768.jpg\",\"datePublished\":\"2023-07-13T14:30:17+00:00\",\"dateModified\":\"2023-08-01T08:10:48+00:00\",\"breadcrumb\":{\"@id\":\"https:\\\/\\\/www.storage-isolcell.com\\\/de\\\/testlagen\\\/#breadcrumb\"},\"inLanguage\":\"de\",\"potentialAction\":[{\"@type\":\"ReadAction\",\"target\":[\"https:\\\/\\\/www.storage-isolcell.com\\\/de\\\/testlagen\\\/\"]}]},{\"@type\":\"ImageObject\",\"inLanguage\":\"de\",\"@id\":\"https:\\\/\\\/www.storage-isolcell.com\\\/de\\\/testlagen\\\/#primaryimage\",\"url\":\"https:\\\/\\\/storage-isolcell.com\\\/wp-content\\\/uploads\\\/2023\\\/07\\\/IMPIANTI_SPERIMENTALI_1-1024x768.jpg\",\"contentUrl\":\"https:\\\/\\\/storage-isolcell.com\\\/wp-content\\\/uploads\\\/2023\\\/07\\\/IMPIANTI_SPERIMENTALI_1-1024x768.jpg\"},{\"@type\":\"BreadcrumbList\",\"@id\":\"https:\\\/\\\/www.storage-isolcell.com\\\/de\\\/testlagen\\\/#breadcrumb\",\"itemListElement\":[{\"@type\":\"ListItem\",\"position\":1,\"name\":\"Home\",\"item\":\"https:\\\/\\\/www.storage-isolcell.com\\\/de\\\/\"},{\"@type\":\"ListItem\",\"position\":2,\"name\":\"Testlagen\"}]},{\"@type\":\"WebSite\",\"@id\":\"https:\\\/\\\/www.storage-isolcell.com\\\/de\\\/#website\",\"url\":\"https:\\\/\\\/www.storage-isolcell.com\\\/de\\\/\",\"name\":\"Isolcell Storage Division\",\"description\":\"Our Storage Division studies, designs and manufactures solutions for the fruit and vegetable storage market.\",\"publisher\":{\"@id\":\"https:\\\/\\\/www.storage-isolcell.com\\\/de\\\/#organization\"},\"potentialAction\":[{\"@type\":\"SearchAction\",\"target\":{\"@type\":\"EntryPoint\",\"urlTemplate\":\"https:\\\/\\\/www.storage-isolcell.com\\\/de\\\/?s={search_term_string}\"},\"query-input\":{\"@type\":\"PropertyValueSpecification\",\"valueRequired\":true,\"valueName\":\"search_term_string\"}}],\"inLanguage\":\"de\"},{\"@type\":\"Organization\",\"@id\":\"https:\\\/\\\/www.storage-isolcell.com\\\/de\\\/#organization\",\"name\":\"Isolcell Storage Division\",\"url\":\"https:\\\/\\\/www.storage-isolcell.com\\\/de\\\/\",\"logo\":{\"@type\":\"ImageObject\",\"inLanguage\":\"de\",\"@id\":\"https:\\\/\\\/www.storage-isolcell.com\\\/de\\\/#\\\/schema\\\/logo\\\/image\\\/\",\"url\":\"https:\\\/\\\/www.storage-isolcell.com\\\/wp-content\\\/uploads\\\/2023\\\/07\\\/logo-storage-division.png\",\"contentUrl\":\"https:\\\/\\\/www.storage-isolcell.com\\\/wp-content\\\/uploads\\\/2023\\\/07\\\/logo-storage-division.png\",\"width\":517,\"height\":176,\"caption\":\"Isolcell Storage Division\"},\"image\":{\"@id\":\"https:\\\/\\\/www.storage-isolcell.com\\\/de\\\/#\\\/schema\\\/logo\\\/image\\\/\"}}]}<\/script>\n<!-- \/ Yoast SEO plugin. -->","yoast_head_json":{"title":"Testlagen - Isolcell Storage Division","robots":{"index":"index","follow":"follow","max-snippet":"max-snippet:-1","max-image-preview":"max-image-preview:large","max-video-preview":"max-video-preview:-1"},"canonical":"https:\/\/www.storage-isolcell.com\/de\/testlagen\/","og_locale":"de_DE","og_type":"article","og_title":"Testlagen - Isolcell Storage Division","og_description":"Ma\u00dfgeschneiderte Installationen Informationen anfordern Ma\u00dfgeschneiderte Installationen In den mehr als 50 Jahren seines Bestehens hat Isolcell viele experimentelle Anlagen f\u00fcr Forschungsinstitute auf der ganzen Welt konstruiert und aufgebaut. Wir bauen viele Spezialsysteme in direkter Zusammenarbeit mit den Anwendern. Wir produzieren alle Gr\u00f6\u00dfen von Edelstahl- und Kunststoffcontainern, wasserdichte Zelte und Experimentierzellen einschlie\u00dflich des gesamten Zubeh\u00f6rs f\u00fcr [&hellip;]","og_url":"https:\/\/www.storage-isolcell.com\/de\/testlagen\/","og_site_name":"Isolcell Storage Division","article_modified_time":"2023-08-01T08:10:48+00:00","og_image":[{"url":"https:\/\/storage-isolcell.com\/wp-content\/uploads\/2023\/07\/IMPIANTI_SPERIMENTALI_1-1024x768.jpg","type":"","width":"","height":""}],"twitter_card":"summary_large_image","twitter_misc":{"Gesch\u00e4tzte Lesezeit":"1\u00a0Minute"},"schema":{"@context":"https:\/\/schema.org","@graph":[{"@type":"WebPage","@id":"https:\/\/www.storage-isolcell.com\/de\/testlagen\/","url":"https:\/\/www.storage-isolcell.com\/de\/testlagen\/","name":"Testlagen - Isolcell Storage Division","isPartOf":{"@id":"https:\/\/www.storage-isolcell.com\/de\/#website"},"primaryImageOfPage":{"@id":"https:\/\/www.storage-isolcell.com\/de\/testlagen\/#primaryimage"},"image":{"@id":"https:\/\/www.storage-isolcell.com\/de\/testlagen\/#primaryimage"},"thumbnailUrl":"https:\/\/storage-isolcell.com\/wp-content\/uploads\/2023\/07\/IMPIANTI_SPERIMENTALI_1-1024x768.jpg","datePublished":"2023-07-13T14:30:17+00:00","dateModified":"2023-08-01T08:10:48+00:00","breadcrumb":{"@id":"https:\/\/www.storage-isolcell.com\/de\/testlagen\/#breadcrumb"},"inLanguage":"de","potentialAction":[{"@type":"ReadAction","target":["https:\/\/www.storage-isolcell.com\/de\/testlagen\/"]}]},{"@type":"ImageObject","inLanguage":"de","@id":"https:\/\/www.storage-isolcell.com\/de\/testlagen\/#primaryimage","url":"https:\/\/storage-isolcell.com\/wp-content\/uploads\/2023\/07\/IMPIANTI_SPERIMENTALI_1-1024x768.jpg","contentUrl":"https:\/\/storage-isolcell.com\/wp-content\/uploads\/2023\/07\/IMPIANTI_SPERIMENTALI_1-1024x768.jpg"},{"@type":"BreadcrumbList","@id":"https:\/\/www.storage-isolcell.com\/de\/testlagen\/#breadcrumb","itemListElement":[{"@type":"ListItem","position":1,"name":"Home","item":"https:\/\/www.storage-isolcell.com\/de\/"},{"@type":"ListItem","position":2,"name":"Testlagen"}]},{"@type":"WebSite","@id":"https:\/\/www.storage-isolcell.com\/de\/#website","url":"https:\/\/www.storage-isolcell.com\/de\/","name":"Isolcell Storage Division","description":"Our Storage Division studies, designs and manufactures solutions for the fruit and vegetable storage market.","publisher":{"@id":"https:\/\/www.storage-isolcell.com\/de\/#organization"},"potentialAction":[{"@type":"SearchAction","target":{"@type":"EntryPoint","urlTemplate":"https:\/\/www.storage-isolcell.com\/de\/?s={search_term_string}"},"query-input":{"@type":"PropertyValueSpecification","valueRequired":true,"valueName":"search_term_string"}}],"inLanguage":"de"},{"@type":"Organization","@id":"https:\/\/www.storage-isolcell.com\/de\/#organization","name":"Isolcell Storage Division","url":"https:\/\/www.storage-isolcell.com\/de\/","logo":{"@type":"ImageObject","inLanguage":"de","@id":"https:\/\/www.storage-isolcell.com\/de\/#\/schema\/logo\/image\/","url":"https:\/\/www.storage-isolcell.com\/wp-content\/uploads\/2023\/07\/logo-storage-division.png","contentUrl":"https:\/\/www.storage-isolcell.com\/wp-content\/uploads\/2023\/07\/logo-storage-division.png","width":517,"height":176,"caption":"Isolcell Storage Division"},"image":{"@id":"https:\/\/www.storage-isolcell.com\/de\/#\/schema\/logo\/image\/"}}]}},"_links":{"self":[{"href":"https:\/\/www.storage-isolcell.com\/de\/wp-json\/wp\/v2\/pages\/7630","targetHints":{"allow":["GET"]}}],"collection":[{"href":"https:\/\/www.storage-isolcell.com\/de\/wp-json\/wp\/v2\/pages"}],"about":[{"href":"https:\/\/www.storage-isolcell.com\/de\/wp-json\/wp\/v2\/types\/page"}],"author":[{"embeddable":true,"href":"https:\/\/www.storage-isolcell.com\/de\/wp-json\/wp\/v2\/users\/1"}],"replies":[{"embeddable":true,"href":"https:\/\/www.storage-isolcell.com\/de\/wp-json\/wp\/v2\/comments?post=7630"}],"version-history":[{"count":1,"href":"https:\/\/www.storage-isolcell.com\/de\/wp-json\/wp\/v2\/pages\/7630\/revisions"}],"predecessor-version":[{"id":7631,"href":"https:\/\/www.storage-isolcell.com\/de\/wp-json\/wp\/v2\/pages\/7630\/revisions\/7631"}],"wp:attachment":[{"href":"https:\/\/www.storage-isolcell.com\/de\/wp-json\/wp\/v2\/media?parent=7630"}],"curies":[{"name":"wp","href":"https:\/\/api.w.org\/{rel}","templated":true}]}}